{"id":686,"date":"2023-10-01T10:46:15","date_gmt":"2023-10-01T10:46:15","guid":{"rendered":"https:\/\/idesignyourlogo.com\/oct3\/?page_id=686"},"modified":"2023-12-23T12:34:24","modified_gmt":"2023-12-23T11:34:24","slug":"service","status":"publish","type":"page","link":"https:\/\/www.breadtech.ch\/?page_id=686","title":{"rendered":"Services"},"content":{"rendered":"\t\t<div data-elementor-type=\"wp-post\" data-elementor-id=\"686\" class=\"elementor elementor-686\">\n\t\t\t\t\t\t<section class=\"elementor-section elementor-top-section elementor-element elementor-element-1db2e69 elementor-section-content-middle elementor-section-boxed elementor-section-height-default elementor-section-height-default\" data-id=\"1db2e69\" data-element_type=\"section\" data-e-type=\"section\" data-settings=\"{&quot;background_background&quot;:&quot;classic&quot;}\">\n\t\t\t\t\t\t\t<div class=\"elementor-background-overlay\"><\/div>\n\t\t\t\t\t\t\t<div class=\"elementor-container elementor-column-gap-extended\">\n\t\t\t\t\t<div class=\"elementor-column elementor-col-50 elementor-top-column elementor-element elementor-element-77b6323\" data-id=\"77b6323\" data-element_type=\"column\" data-e-type=\"column\" data-settings=\"{&quot;background_background&quot;:&quot;classic&quot;}\">\n\t\t\t<div class=\"elementor-widget-wrap elementor-element-populated\">\n\t\t\t\t\t\t<div class=\"elementor-element elementor-element-3868ed8 elementor-widget elementor-widget-heading\" data-id=\"3868ed8\" data-element_type=\"widget\" data-e-type=\"widget\" data-widget_type=\"heading.default\">\n\t\t\t\t<div class=\"elementor-widget-container\">\n\t\t\t\t\t<h6 class=\"elementor-heading-title elementor-size-medium\">Le service apr\u00e8s-vente (SAV) est un \u00e9l\u00e9ment essentiel de notre engagement envers nos clients. Nous comprenons l'importance de maintenir votre \u00e9quipement de boulangerie en parfait \u00e9tat de fonctionnement, car cela a un impact direct sur la qualit\u00e9 de vos produits et la satisfaction de vos clients<\/h6>\t\t\t\t<\/div>\n\t\t\t\t<\/div>\n\t\t\t\t<div class=\"elementor-element elementor-element-8030b4d elementor-widget elementor-widget-text-editor\" data-id=\"8030b4d\" data-element_type=\"widget\" data-e-type=\"widget\" data-widget_type=\"text-editor.default\">\n\t\t\t\t<div class=\"elementor-widget-container\">\n\t\t\t\t\t\t\t\t\t<p><strong>Chez Bread-Tech, notre objectif est de vous offrir bien plus qu&rsquo;un simple \u00e9quipement de boulangerie. Nous nous engageons \u00e0 vous accompagner apr\u00e8s l&rsquo;achat pour assurer le fonctionnement optimal et la long\u00e9vit\u00e9 de vos machines. Notre service apr\u00e8s-vente repose sur les principes suivants :<\/strong><\/p><h6 style=\"text-align: left;\"><span style=\"color: #000000;\">1. Technicien qualifi\u00e9 :\u00a0<span style=\"font-family: 'Segoe UI', sans-serif; font-size: 13.5pt;\">Notre \u00e9quipe de techniciens est compos\u00e9e de professionnels qualifi\u00e9s et form\u00e9s pour travailler sur une vari\u00e9t\u00e9 d&rsquo;\u00e9quipements de boulangerie. Ils ont une connaissance approfondie des produits que nous vendons.<\/span><\/span><\/h6><h6 style=\"text-align: left;\"><span style=\"color: #000000;\"><span style=\"font-family: 'Segoe UI', sans-serif; font-size: 13.5pt;\">2. Maintenance Pr\u00e9ventive :\u00a0<\/span><span style=\"font-family: 'Segoe UI', sans-serif; font-size: 18px;\">Nous proposons des contrats de maintenance pr\u00e9ventive pour vous assurer que votre \u00e9quipement reste en parfait \u00e9tat de fonctionnement. Nos techniciens effectuent des visites r\u00e9guli\u00e8res pour inspecter, nettoyer et ajuster votre \u00e9quipement<\/span><\/span><\/h6><h6 style=\"text-align: left;\"><span style=\"color: #000000;\"><span style=\"font-family: 'Segoe UI', sans-serif; font-size: 18px;\">3. R\u00e9parations rapides :\u00a0<\/span><span style=\"font-family: 'Segoe UI', sans-serif; font-size: 18px;\">En cas de panne ou de probl\u00e8me, nous nous engageons \u00e0 intervenir rapidement pour diagnostiquer, r\u00e9parer et remplacer les pi\u00e8ces d\u00e9fectueuses. Nous comprenons l&rsquo;importance de la r\u00e9activit\u00e9 pour minimiser les interruptions dans votre activit\u00e9.<\/span><\/span><\/h6>\t\t\t\t\t\t\t\t<\/div>\n\t\t\t\t<\/div>\n\t\t\t\t<div class=\"elementor-element elementor-element-6fde8a2 elementor-align-center elementor-mobile-align-center elementor-widget elementor-widget-button\" data-id=\"6fde8a2\" data-element_type=\"widget\" data-e-type=\"widget\" data-widget_type=\"button.default\">\n\t\t\t\t<div class=\"elementor-widget-container\">\n\t\t\t\t\t\t\t\t\t<div class=\"elementor-button-wrapper\">\n\t\t\t\t\t<a class=\"elementor-button elementor-button-link elementor-size-md\" href=\"https:\/\/www.breadtech.ch\/?page_id=570\">\n\t\t\t\t\t\t<span class=\"elementor-button-content-wrapper\">\n\t\t\t\t\t\t\t\t\t<span class=\"elementor-button-text\">Contact<\/span>\n\t\t\t\t\t<\/span>\n\t\t\t\t\t<\/a>\n\t\t\t\t<\/div>\n\t\t\t\t\t\t\t\t<\/div>\n\t\t\t\t<\/div>\n\t\t\t\t\t<\/div>\n\t\t<\/div>\n\t\t\t\t<div class=\"elementor-column elementor-col-50 elementor-top-column elementor-element elementor-element-6ec1e5f\" data-id=\"6ec1e5f\" data-element_type=\"column\" data-e-type=\"column\">\n\t\t\t<div class=\"elementor-widget-wrap elementor-element-populated\">\n\t\t\t\t\t\t<div class=\"elementor-element elementor-element-bda1677 elementor-widget elementor-widget-image\" data-id=\"bda1677\" data-element_type=\"widget\" data-e-type=\"widget\" data-widget_type=\"image.default\">\n\t\t\t\t<div class=\"elementor-widget-container\">\n\t\t\t\t\t\t\t\t\t\t\t\t\t\t\t<img fetchpriority=\"high\" decoding=\"async\" width=\"473\" height=\"539\" src=\"https:\/\/www.breadtech.ch\/wp-content\/uploads\/2023\/11\/Capture-1.jpg\" class=\"attachment-full size-full wp-image-1073\" alt=\"\" srcset=\"https:\/\/www.breadtech.ch\/wp-content\/uploads\/2023\/11\/Capture-1.jpg 473w, https:\/\/www.breadtech.ch\/wp-content\/uploads\/2023\/11\/Capture-1-263x300.jpg 263w\" sizes=\"(max-width: 473px) 100vw, 473px\" \/>\t\t\t\t\t\t\t\t\t\t\t\t\t\t\t<\/div>\n\t\t\t\t<\/div>\n\t\t\t\t\t<\/div>\n\t\t<\/div>\n\t\t\t\t\t<\/div>\n\t\t<\/section>\n\t\t\t\t<\/div>\n\t\t","protected":false},"excerpt":{"rendered":"<p>Le service apr\u00e8s-vente (SAV) est un \u00e9l\u00e9ment essentiel de notre engagement envers nos clients. Nous comprenons l&rsquo;importance de maintenir votre \u00e9quipement de boulangerie en parfait \u00e9tat de fonctionnement, car cela a un impact direct sur la qualit\u00e9 de vos produits et la satisfaction de vos clients Chez Bread-Tech, notre objectif est de vous offrir bien [&hellip;]<\/p>\n","protected":false},"author":1,"featured_media":0,"parent":0,"menu_order":2,"comment_status":"closed","ping_status":"closed","template":"","meta":{"site-sidebar-layout":"no-sidebar","site-content-layout":"page-builder","ast-site-content-layout":"","site-content-style":"default","site-sidebar-style":"default","ast-global-header-display":"","ast-banner-title-visibility":"","ast-main-header-display":"","ast-hfb-above-header-display":"","ast-hfb-below-header-display":"","ast-hfb-mobile-header-display":"","site-post-title":"disabled","ast-breadcrumbs-content":"","ast-featured-img":"disabled","footer-sml-layout":"","theme-transparent-header-meta":"","adv-header-id-meta":"","stick-header-meta":"","header-above-stick-meta":"","header-main-stick-meta":"","header-below-stick-meta":"","astra-migrate-meta-layouts":"default","ast-page-background-enabled":"default","ast-page-background-meta":{"desktop":{"background-color":"","background-image":"","background-repeat":"repeat","background-position":"center center","background-size":"auto","background-attachment":"scroll","background-type":"","background-media":"","overlay-type":"","overlay-color":"","overlay-opacity":"","overlay-gradient":""},"tablet":{"background-color":"","background-image":"","background-repeat":"repeat","background-position":"center center","background-size":"auto","background-attachment":"scroll","background-type":"","background-media":"","overlay-type":"","overlay-color":"","overlay-opacity":"","overlay-gradient":""},"mobile":{"background-color":"","background-image":"","background-repeat":"repeat","background-position":"center center","background-size":"auto","background-attachment":"scroll","background-type":"","background-media":"","overlay-type":"","overlay-color":"","overlay-opacity":"","overlay-gradient":""}},"ast-content-background-meta":{"desktop":{"background-color":"var(--ast-global-color-5)","background-image":"","background-repeat":"repeat","background-position":"center center","background-size":"auto","background-attachment":"scroll","background-type":"","background-media":"","overlay-type":"","overlay-color":"","overlay-opacity":"","overlay-gradient":""},"tablet":{"background-color":"var(--ast-global-color-5)","background-image":"","background-repeat":"repeat","background-position":"center center","background-size":"auto","background-attachment":"scroll","background-type":"","background-media":"","overlay-type":"","overlay-color":"","overlay-opacity":"","overlay-gradient":""},"mobile":{"background-color":"var(--ast-global-color-5)","background-image":"","background-repeat":"repeat","background-position":"center center","background-size":"auto","background-attachment":"scroll","background-type":"","background-media":"","overlay-type":"","overlay-color":"","overlay-opacity":"","overlay-gradient":""}},"_joinchat":[],"footnotes":""},"class_list":["post-686","page","type-page","status-publish","hentry"],"yoast_head":"<!-- This site is optimized with the Yoast SEO plugin v27.5 - https:\/\/yoast.com\/product\/yoast-seo-wordpress\/ -->\n<title>Services - Bread-Tech<\/title>\n<meta name=\"robots\" content=\"index, follow, max-snippet:-1, max-image-preview:large, max-video-preview:-1\" \/>\n<link rel=\"canonical\" href=\"https:\/\/www.breadtech.ch\/?page_id=686\" \/>\n<meta property=\"og:locale\" content=\"fr_FR\" \/>\n<meta property=\"og:type\" content=\"article\" \/>\n<meta property=\"og:title\" content=\"Services - Bread-Tech\" \/>\n<meta property=\"og:description\" content=\"Le service apr\u00e8s-vente (SAV) est un \u00e9l\u00e9ment essentiel de notre engagement envers nos clients. Nous comprenons l&rsquo;importance de maintenir votre \u00e9quipement de boulangerie en parfait \u00e9tat de fonctionnement, car cela a un impact direct sur la qualit\u00e9 de vos produits et la satisfaction de vos clients Chez Bread-Tech, notre objectif est de vous offrir bien [&hellip;]\" \/>\n<meta property=\"og:url\" content=\"https:\/\/www.breadtech.ch\/?page_id=686\" \/>\n<meta property=\"og:site_name\" content=\"Bread-Tech\" \/>\n<meta property=\"article:modified_time\" content=\"2023-12-23T11:34:24+00:00\" \/>\n<meta property=\"og:image\" content=\"https:\/\/www.breadtech.ch\/wp-content\/uploads\/2023\/11\/Capture-1.jpg\" \/>\n<meta name=\"twitter:card\" content=\"summary_large_image\" \/>\n<meta name=\"twitter:label1\" content=\"Dur\u00e9e de lecture estim\u00e9e\" \/>\n\t<meta name=\"twitter:data1\" content=\"2 minutes\" \/>\n<script type=\"application\/ld+json\" class=\"yoast-schema-graph\">{\"@context\":\"https:\\\/\\\/schema.org\",\"@graph\":[{\"@type\":\"WebPage\",\"@id\":\"https:\\\/\\\/www.breadtech.ch\\\/?page_id=686\",\"url\":\"https:\\\/\\\/www.breadtech.ch\\\/?page_id=686\",\"name\":\"Services - Bread-Tech\",\"isPartOf\":{\"@id\":\"https:\\\/\\\/www.breadtech.ch\\\/#website\"},\"primaryImageOfPage\":{\"@id\":\"https:\\\/\\\/www.breadtech.ch\\\/?page_id=686#primaryimage\"},\"image\":{\"@id\":\"https:\\\/\\\/www.breadtech.ch\\\/?page_id=686#primaryimage\"},\"thumbnailUrl\":\"https:\\\/\\\/www.breadtech.ch\\\/wp-content\\\/uploads\\\/2023\\\/11\\\/Capture-1.jpg\",\"datePublished\":\"2023-10-01T10:46:15+00:00\",\"dateModified\":\"2023-12-23T11:34:24+00:00\",\"breadcrumb\":{\"@id\":\"https:\\\/\\\/www.breadtech.ch\\\/?page_id=686#breadcrumb\"},\"inLanguage\":\"fr-FR\",\"potentialAction\":[{\"@type\":\"ReadAction\",\"target\":[\"https:\\\/\\\/www.breadtech.ch\\\/?page_id=686\"]}]},{\"@type\":\"ImageObject\",\"inLanguage\":\"fr-FR\",\"@id\":\"https:\\\/\\\/www.breadtech.ch\\\/?page_id=686#primaryimage\",\"url\":\"https:\\\/\\\/www.breadtech.ch\\\/wp-content\\\/uploads\\\/2023\\\/11\\\/Capture-1.jpg\",\"contentUrl\":\"https:\\\/\\\/www.breadtech.ch\\\/wp-content\\\/uploads\\\/2023\\\/11\\\/Capture-1.jpg\",\"width\":473,\"height\":539},{\"@type\":\"BreadcrumbList\",\"@id\":\"https:\\\/\\\/www.breadtech.ch\\\/?page_id=686#breadcrumb\",\"itemListElement\":[{\"@type\":\"ListItem\",\"position\":1,\"name\":\"Home\",\"item\":\"https:\\\/\\\/www.breadtech.ch\\\/\"},{\"@type\":\"ListItem\",\"position\":2,\"name\":\"Services\"}]},{\"@type\":\"WebSite\",\"@id\":\"https:\\\/\\\/www.breadtech.ch\\\/#website\",\"url\":\"https:\\\/\\\/www.breadtech.ch\\\/\",\"name\":\"Bread-Tech\",\"description\":\"Partenaire de votre laboratoire de Boulangerie - Patisserie\",\"publisher\":{\"@id\":\"https:\\\/\\\/www.breadtech.ch\\\/#organization\"},\"potentialAction\":[{\"@type\":\"SearchAction\",\"target\":{\"@type\":\"EntryPoint\",\"urlTemplate\":\"https:\\\/\\\/www.breadtech.ch\\\/?s={search_term_string}\"},\"query-input\":{\"@type\":\"PropertyValueSpecification\",\"valueRequired\":true,\"valueName\":\"search_term_string\"}}],\"inLanguage\":\"fr-FR\"},{\"@type\":\"Organization\",\"@id\":\"https:\\\/\\\/www.breadtech.ch\\\/#organization\",\"name\":\"Bread-Tech\",\"url\":\"https:\\\/\\\/www.breadtech.ch\\\/\",\"logo\":{\"@type\":\"ImageObject\",\"inLanguage\":\"fr-FR\",\"@id\":\"https:\\\/\\\/www.breadtech.ch\\\/#\\\/schema\\\/logo\\\/image\\\/\",\"url\":\"https:\\\/\\\/www.breadtech.ch\\\/wp-content\\\/uploads\\\/2023\\\/10\\\/breadtech_logo.png\",\"contentUrl\":\"https:\\\/\\\/www.breadtech.ch\\\/wp-content\\\/uploads\\\/2023\\\/10\\\/breadtech_logo.png\",\"width\":885,\"height\":198,\"caption\":\"Bread-Tech\"},\"image\":{\"@id\":\"https:\\\/\\\/www.breadtech.ch\\\/#\\\/schema\\\/logo\\\/image\\\/\"}}]}<\/script>\n<!-- \/ Yoast SEO plugin. -->","yoast_head_json":{"title":"Services - Bread-Tech","robots":{"index":"index","follow":"follow","max-snippet":"max-snippet:-1","max-image-preview":"max-image-preview:large","max-video-preview":"max-video-preview:-1"},"canonical":"https:\/\/www.breadtech.ch\/?page_id=686","og_locale":"fr_FR","og_type":"article","og_title":"Services - Bread-Tech","og_description":"Le service apr\u00e8s-vente (SAV) est un \u00e9l\u00e9ment essentiel de notre engagement envers nos clients. Nous comprenons l&rsquo;importance de maintenir votre \u00e9quipement de boulangerie en parfait \u00e9tat de fonctionnement, car cela a un impact direct sur la qualit\u00e9 de vos produits et la satisfaction de vos clients Chez Bread-Tech, notre objectif est de vous offrir bien [&hellip;]","og_url":"https:\/\/www.breadtech.ch\/?page_id=686","og_site_name":"Bread-Tech","article_modified_time":"2023-12-23T11:34:24+00:00","og_image":[{"url":"https:\/\/www.breadtech.ch\/wp-content\/uploads\/2023\/11\/Capture-1.jpg","type":"","width":"","height":""}],"twitter_card":"summary_large_image","twitter_misc":{"Dur\u00e9e de lecture estim\u00e9e":"2 minutes"},"schema":{"@context":"https:\/\/schema.org","@graph":[{"@type":"WebPage","@id":"https:\/\/www.breadtech.ch\/?page_id=686","url":"https:\/\/www.breadtech.ch\/?page_id=686","name":"Services - Bread-Tech","isPartOf":{"@id":"https:\/\/www.breadtech.ch\/#website"},"primaryImageOfPage":{"@id":"https:\/\/www.breadtech.ch\/?page_id=686#primaryimage"},"image":{"@id":"https:\/\/www.breadtech.ch\/?page_id=686#primaryimage"},"thumbnailUrl":"https:\/\/www.breadtech.ch\/wp-content\/uploads\/2023\/11\/Capture-1.jpg","datePublished":"2023-10-01T10:46:15+00:00","dateModified":"2023-12-23T11:34:24+00:00","breadcrumb":{"@id":"https:\/\/www.breadtech.ch\/?page_id=686#breadcrumb"},"inLanguage":"fr-FR","potentialAction":[{"@type":"ReadAction","target":["https:\/\/www.breadtech.ch\/?page_id=686"]}]},{"@type":"ImageObject","inLanguage":"fr-FR","@id":"https:\/\/www.breadtech.ch\/?page_id=686#primaryimage","url":"https:\/\/www.breadtech.ch\/wp-content\/uploads\/2023\/11\/Capture-1.jpg","contentUrl":"https:\/\/www.breadtech.ch\/wp-content\/uploads\/2023\/11\/Capture-1.jpg","width":473,"height":539},{"@type":"BreadcrumbList","@id":"https:\/\/www.breadtech.ch\/?page_id=686#breadcrumb","itemListElement":[{"@type":"ListItem","position":1,"name":"Home","item":"https:\/\/www.breadtech.ch\/"},{"@type":"ListItem","position":2,"name":"Services"}]},{"@type":"WebSite","@id":"https:\/\/www.breadtech.ch\/#website","url":"https:\/\/www.breadtech.ch\/","name":"Bread-Tech","description":"Partenaire de votre laboratoire de Boulangerie - Patisserie","publisher":{"@id":"https:\/\/www.breadtech.ch\/#organization"},"potentialAction":[{"@type":"SearchAction","target":{"@type":"EntryPoint","urlTemplate":"https:\/\/www.breadtech.ch\/?s={search_term_string}"},"query-input":{"@type":"PropertyValueSpecification","valueRequired":true,"valueName":"search_term_string"}}],"inLanguage":"fr-FR"},{"@type":"Organization","@id":"https:\/\/www.breadtech.ch\/#organization","name":"Bread-Tech","url":"https:\/\/www.breadtech.ch\/","logo":{"@type":"ImageObject","inLanguage":"fr-FR","@id":"https:\/\/www.breadtech.ch\/#\/schema\/logo\/image\/","url":"https:\/\/www.breadtech.ch\/wp-content\/uploads\/2023\/10\/breadtech_logo.png","contentUrl":"https:\/\/www.breadtech.ch\/wp-content\/uploads\/2023\/10\/breadtech_logo.png","width":885,"height":198,"caption":"Bread-Tech"},"image":{"@id":"https:\/\/www.breadtech.ch\/#\/schema\/logo\/image\/"}}]}},"_links":{"self":[{"href":"https:\/\/www.breadtech.ch\/index.php?rest_route=\/wp\/v2\/pages\/686","targetHints":{"allow":["GET"]}}],"collection":[{"href":"https:\/\/www.breadtech.ch\/index.php?rest_route=\/wp\/v2\/pages"}],"about":[{"href":"https:\/\/www.breadtech.ch\/index.php?rest_route=\/wp\/v2\/types\/page"}],"author":[{"embeddable":true,"href":"https:\/\/www.breadtech.ch\/index.php?rest_route=\/wp\/v2\/users\/1"}],"replies":[{"embeddable":true,"href":"https:\/\/www.breadtech.ch\/index.php?rest_route=%2Fwp%2Fv2%2Fcomments&post=686"}],"version-history":[{"count":12,"href":"https:\/\/www.breadtech.ch\/index.php?rest_route=\/wp\/v2\/pages\/686\/revisions"}],"predecessor-version":[{"id":1285,"href":"https:\/\/www.breadtech.ch\/index.php?rest_route=\/wp\/v2\/pages\/686\/revisions\/1285"}],"wp:attachment":[{"href":"https:\/\/www.breadtech.ch\/index.php?rest_route=%2Fwp%2Fv2%2Fmedia&parent=686"}],"curies":[{"name":"wp","href":"https:\/\/api.w.org\/{rel}","templated":true}]}}