{"id":709,"date":"2023-10-01T10:49:17","date_gmt":"2023-10-01T10:49:17","guid":{"rendered":"https:\/\/idesignyourlogo.com\/oct3\/?page_id=709"},"modified":"2025-02-08T15:32:02","modified_gmt":"2025-02-08T14:32:02","slug":"sales","status":"publish","type":"page","link":"https:\/\/www.breadtech.ch\/?page_id=709","title":{"rendered":"Produits"},"content":{"rendered":"\t\t<div data-elementor-type=\"wp-post\" data-elementor-id=\"709\" class=\"elementor elementor-709\">\n\t\t\t\t\t\t<section class=\"elementor-section elementor-top-section elementor-element elementor-element-1db2e69 elementor-section-content-middle elementor-section-boxed elementor-section-height-default elementor-section-height-default\" data-id=\"1db2e69\" data-element_type=\"section\" data-e-type=\"section\" data-settings=\"{&quot;background_background&quot;:&quot;classic&quot;}\">\n\t\t\t\t\t\t\t<div class=\"elementor-background-overlay\"><\/div>\n\t\t\t\t\t\t\t<div class=\"elementor-container elementor-column-gap-extended\">\n\t\t\t\t\t<div class=\"elementor-column elementor-col-100 elementor-top-column elementor-element elementor-element-77b6323\" data-id=\"77b6323\" data-element_type=\"column\" data-e-type=\"column\" data-settings=\"{&quot;background_background&quot;:&quot;classic&quot;}\">\n\t\t\t<div class=\"elementor-widget-wrap elementor-element-populated\">\n\t\t\t\t\t\t<div class=\"elementor-element elementor-element-fa14e68 elementor-widget elementor-widget-text-editor\" data-id=\"fa14e68\" data-element_type=\"widget\" data-e-type=\"widget\" data-widget_type=\"text-editor.default\">\n\t\t\t\t<div class=\"elementor-widget-container\">\n\t\t\t\t\t\t\t\t\t<p><strong>Decouvrez nos \u00e9quipements<\/strong><\/p><p>Nous sommes fiers de proposer une vaste gamme de mat\u00e9riel de boulangerie et des m\u00e9tiers de la bouche de haute qualit\u00e9. Notre s\u00e9lection comprend tout ce dont vous avez besoin pour mener \u00e0 bien votre activit\u00e9, que vous soyez un artisan boulanger, un p\u00e2tissier, un restaurateur ou un professionnel des m\u00e9tiers de la bouche. Voici un aper\u00e7u des cat\u00e9gories de produits que nous proposons :<\/p>\t\t\t\t\t\t\t\t<\/div>\n\t\t\t\t<\/div>\n\t\t\t\t\t<\/div>\n\t\t<\/div>\n\t\t\t\t\t<\/div>\n\t\t<\/section>\n\t\t<div class=\"elementor-element elementor-element-7d57267 e-flex e-con-boxed e-con e-parent\" data-id=\"7d57267\" data-element_type=\"container\" data-e-type=\"container\">\n\t\t\t\t\t<div class=\"e-con-inner\">\n\t\t\t\t<div class=\"elementor-element elementor-element-44d92f8 elementor-widget elementor-widget-heading\" data-id=\"44d92f8\" data-element_type=\"widget\" data-e-type=\"widget\" data-widget_type=\"heading.default\">\n\t\t\t\t<div class=\"elementor-widget-container\">\n\t\t\t\t\t<h2 class=\"elementor-heading-title elementor-size-default\">\u00c9quipements pour la boulangerie<\/h2>\t\t\t\t<\/div>\n\t\t\t\t<\/div>\n\t\t\t\t\t<\/div>\n\t\t\t\t<\/div>\n\t\t<div class=\"elementor-element elementor-element-3c07013 e-flex e-con-boxed e-con e-parent\" data-id=\"3c07013\" data-element_type=\"container\" data-e-type=\"container\">\n\t\t\t\t\t<div class=\"e-con-inner\">\n\t\t<div class=\"elementor-element elementor-element-483ae03 e-con-full e-flex e-con e-child\" data-id=\"483ae03\" data-element_type=\"container\" data-e-type=\"container\">\n\t\t\t\t<div class=\"elementor-element elementor-element-fd4a296 elementor-widget elementor-widget-text-editor\" data-id=\"fd4a296\" data-element_type=\"widget\" data-e-type=\"widget\" data-widget_type=\"text-editor.default\">\n\t\t\t\t<div class=\"elementor-widget-container\">\n\t\t\t\t\t\t\t\t\t<p><b>Pr\u00e9paration de la p\u00e2te<\/b><\/p><ul><li>Doseur &#8211; Refroidisseur d&rsquo;eau<\/li><li>P\u00e9trins<\/li><li>Diviseuses<\/li><li>Fa\u00e7onneuse<\/li><li>Laminoir<\/li><\/ul><p><b>Froid-fermentation<\/b><\/p><ul><li>Repose-p\u00e2tons<\/li><li>Armoires de fermentation<\/li><li>Chambres de pousse<\/li><li>Chambres froides<\/li><\/ul><p><b>Cuisson<\/b><\/p><ul><li>Fours \u00e0 sole<\/li><li>Fours rotatifs<\/li><\/ul>\t\t\t\t\t\t\t\t<\/div>\n\t\t\t\t<\/div>\n\t\t\t\t<\/div>\n\t\t<div class=\"elementor-element elementor-element-dd2fc75 e-con-full e-flex e-con e-child\" data-id=\"dd2fc75\" data-element_type=\"container\" data-e-type=\"container\">\n\t\t\t\t<div class=\"elementor-element elementor-element-944fe84 elementor-widget elementor-widget-image\" data-id=\"944fe84\" data-element_type=\"widget\" data-e-type=\"widget\" data-widget_type=\"image.default\">\n\t\t\t\t<div class=\"elementor-widget-container\">\n\t\t\t\t\t\t\t\t\t\t\t\t\t\t\t<img decoding=\"async\" src=\"https:\/\/idesignyourlogo.com\/oct3\/wp-content\/uploads\/2023\/11\/pains2.jpg\" title=\"\" alt=\"\" loading=\"lazy\" \/>\t\t\t\t\t\t\t\t\t\t\t\t\t\t\t<\/div>\n\t\t\t\t<\/div>\n\t\t\t\t<\/div>\n\t\t\t\t\t<\/div>\n\t\t\t\t<\/div>\n\t\t<div class=\"elementor-element elementor-element-3b4403e e-flex e-con-boxed e-con e-parent\" data-id=\"3b4403e\" data-element_type=\"container\" data-e-type=\"container\">\n\t\t\t\t\t<div class=\"e-con-inner\">\n\t\t<div class=\"elementor-element elementor-element-6758afe e-flex e-con-boxed e-con e-child\" data-id=\"6758afe\" data-element_type=\"container\" data-e-type=\"container\">\n\t\t\t\t\t<div class=\"e-con-inner\">\n\t\t\t\t<div class=\"elementor-element elementor-element-1491026 elementor-widget elementor-widget-heading\" data-id=\"1491026\" data-element_type=\"widget\" data-e-type=\"widget\" data-widget_type=\"heading.default\">\n\t\t\t\t<div class=\"elementor-widget-container\">\n\t\t\t\t\t<h2 class=\"elementor-heading-title elementor-size-default\">\u00c9quipements pour la patisserie<\/h2>\t\t\t\t<\/div>\n\t\t\t\t<\/div>\n\t\t\t\t\t<\/div>\n\t\t\t\t<\/div>\n\t\t\t\t\t<\/div>\n\t\t\t\t<\/div>\n\t\t<div class=\"elementor-element elementor-element-2101efd e-flex e-con-boxed e-con e-parent\" data-id=\"2101efd\" data-element_type=\"container\" data-e-type=\"container\">\n\t\t\t\t\t<div class=\"e-con-inner\">\n\t\t<div class=\"elementor-element elementor-element-73f09f4 e-con-full e-flex e-con e-child\" data-id=\"73f09f4\" data-element_type=\"container\" data-e-type=\"container\">\n\t\t\t\t<div class=\"elementor-element elementor-element-961d599 elementor-widget elementor-widget-text-editor\" data-id=\"961d599\" data-element_type=\"widget\" data-e-type=\"widget\" data-widget_type=\"text-editor.default\">\n\t\t\t\t<div class=\"elementor-widget-container\">\n\t\t\t\t\t\t\t\t\t<p><b>Pr\u00e9paration de la p\u00e2te<\/b><\/p><ul><li>Batteurs<\/li><li>Pasteurisateurs<\/li><li>Machines \u00e0 Chantilly<\/li><li>Dresseuses<\/li><li>Fonceuse<\/li><\/ul><p><b>Froid-fermentation<\/b><\/p><ul><li>Armoires r\u00e9frig\u00e9r\u00e9es<\/li><li>Table r\u00e9frig\u00e9r\u00e9e<\/li><li>Armoire de surg\u00e9lation<\/li><\/ul><p><b>Cuisson<\/b><\/p><ul><li>Fours ventil\u00e9s<\/li><li>Fours modulaires<\/li><li>Fours Rotatif<\/li><\/ul><p><b>Mobilier et accessoires<\/b><\/p><ul><li>Mobilier inox<\/li><li>Petits Mat\u00e9riels<\/li><li>Table de lavage<\/li><li>Machine \u00e0 laver les ustensiles<\/li><\/ul>\t\t\t\t\t\t\t\t<\/div>\n\t\t\t\t<\/div>\n\t\t\t\t<\/div>\n\t\t<div class=\"elementor-element elementor-element-d4811f0 e-con-full e-flex e-con e-child\" data-id=\"d4811f0\" data-element_type=\"container\" data-e-type=\"container\">\n\t\t\t\t<div class=\"elementor-element elementor-element-4576193 elementor-widget elementor-widget-image\" data-id=\"4576193\" data-element_type=\"widget\" data-e-type=\"widget\" data-widget_type=\"image.default\">\n\t\t\t\t<div class=\"elementor-widget-container\">\n\t\t\t\t\t\t\t\t\t\t\t\t\t\t\t<img decoding=\"async\" src=\"https:\/\/idesignyourlogo.com\/oct3\/wp-content\/uploads\/2023\/11\/patisserie.jpg\" title=\"\" alt=\"\" loading=\"lazy\" \/>\t\t\t\t\t\t\t\t\t\t\t\t\t\t\t<\/div>\n\t\t\t\t<\/div>\n\t\t\t\t<\/div>\n\t\t\t\t\t<\/div>\n\t\t\t\t<\/div>\n\t\t<div class=\"elementor-element elementor-element-1094b01 e-flex e-con-boxed e-con e-parent\" data-id=\"1094b01\" data-element_type=\"container\" data-e-type=\"container\">\n\t\t\t\t\t<div class=\"e-con-inner\">\n\t\t<div class=\"elementor-element elementor-element-0e17f3a e-flex e-con-boxed e-con e-child\" data-id=\"0e17f3a\" data-element_type=\"container\" data-e-type=\"container\">\n\t\t\t\t\t<div class=\"e-con-inner\">\n\t\t\t\t<div class=\"elementor-element elementor-element-b6f8f1f elementor-widget elementor-widget-heading\" data-id=\"b6f8f1f\" data-element_type=\"widget\" data-e-type=\"widget\" data-widget_type=\"heading.default\">\n\t\t\t\t<div class=\"elementor-widget-container\">\n\t\t\t\t\t<h2 class=\"elementor-heading-title elementor-size-default\">Parmis nos partenaires<\/h2>\t\t\t\t<\/div>\n\t\t\t\t<\/div>\n\t\t\t\t\t<\/div>\n\t\t\t\t<\/div>\n\t\t\t\t\t<\/div>\n\t\t\t\t<\/div>\n\t\t<div class=\"elementor-element elementor-element-928a8ee e-flex e-con-boxed e-con e-parent\" data-id=\"928a8ee\" data-element_type=\"container\" data-e-type=\"container\">\n\t\t\t\t\t<div class=\"e-con-inner\">\n\t\t\t\t<div class=\"elementor-element elementor-element-02155f1 elementor-arrows-position-inside elementor-pagination-position-outside elementor-widget elementor-widget-image-carousel\" data-id=\"02155f1\" data-element_type=\"widget\" data-e-type=\"widget\" data-settings=\"{&quot;navigation&quot;:&quot;both&quot;,&quot;autoplay&quot;:&quot;yes&quot;,&quot;pause_on_hover&quot;:&quot;yes&quot;,&quot;pause_on_interaction&quot;:&quot;yes&quot;,&quot;autoplay_speed&quot;:5000,&quot;infinite&quot;:&quot;yes&quot;,&quot;speed&quot;:500}\" data-widget_type=\"image-carousel.default\">\n\t\t\t\t<div class=\"elementor-widget-container\">\n\t\t\t\t\t\t\t<div class=\"elementor-image-carousel-wrapper swiper\" role=\"region\" aria-roledescription=\"carousel\" aria-label=\"Carrousel d\u2019images\" dir=\"ltr\">\n\t\t\t<div class=\"elementor-image-carousel swiper-wrapper\" aria-live=\"off\">\n\t\t\t\t\t\t\t\t<div class=\"swiper-slide\" role=\"group\" aria-roledescription=\"slide\" aria-label=\"1 sur 7\"><figure class=\"swiper-slide-inner\"><img decoding=\"async\" class=\"swiper-slide-image\" src=\"https:\/\/www.breadtech.ch\/wp-content\/uploads\/2023\/10\/logo-hydroprocess-hd-xl-e1594992907161.png\" alt=\"logo-hydroprocess-hd-xl-e1594992907161\" \/><\/figure><\/div><div class=\"swiper-slide\" role=\"group\" aria-roledescription=\"slide\" aria-label=\"2 sur 7\"><figure class=\"swiper-slide-inner\"><img decoding=\"async\" class=\"swiper-slide-image\" src=\"https:\/\/www.breadtech.ch\/wp-content\/uploads\/2025\/02\/Ibis.jpg\" alt=\"Ibis\" \/><\/figure><\/div><div class=\"swiper-slide\" role=\"group\" aria-roledescription=\"slide\" aria-label=\"3 sur 7\"><figure class=\"swiper-slide-inner\"><img decoding=\"async\" class=\"swiper-slide-image\" src=\"https:\/\/www.breadtech.ch\/wp-content\/uploads\/2025\/02\/logo-hein.png\" alt=\"logo hein\" \/><\/figure><\/div><div class=\"swiper-slide\" role=\"group\" aria-roledescription=\"slide\" aria-label=\"4 sur 7\"><figure class=\"swiper-slide-inner\"><img decoding=\"async\" class=\"swiper-slide-image\" src=\"https:\/\/www.breadtech.ch\/wp-content\/uploads\/2025\/02\/Merand.jpg\" alt=\"M\u00e9rand\" \/><\/figure><\/div><div class=\"swiper-slide\" role=\"group\" aria-roledescription=\"slide\" aria-label=\"5 sur 7\"><figure class=\"swiper-slide-inner\"><img decoding=\"async\" class=\"swiper-slide-image\" src=\"https:\/\/www.breadtech.ch\/wp-content\/uploads\/2025\/02\/ram-logo.png\" alt=\"ram logo\" \/><\/figure><\/div><div class=\"swiper-slide\" role=\"group\" aria-roledescription=\"slide\" aria-label=\"6 sur 7\"><figure class=\"swiper-slide-inner\"><img decoding=\"async\" class=\"swiper-slide-image\" src=\"https:\/\/www.breadtech.ch\/wp-content\/uploads\/2025\/02\/sunmix.png\" alt=\"sunmix\" \/><\/figure><\/div><div class=\"swiper-slide\" role=\"group\" aria-roledescription=\"slide\" aria-label=\"7 sur 7\"><figure class=\"swiper-slide-inner\"><img decoding=\"async\" class=\"swiper-slide-image\" src=\"https:\/\/www.breadtech.ch\/wp-content\/uploads\/2025\/02\/log-polin-site.png\" alt=\"log-polin-site\" \/><\/figure><\/div>\t\t\t<\/div>\n\t\t\t\t\t\t\t\t\t\t\t\t<div class=\"elementor-swiper-button elementor-swiper-button-prev\" role=\"button\" tabindex=\"0\">\n\t\t\t\t\t\t<svg aria-hidden=\"true\" class=\"e-font-icon-svg e-eicon-chevron-left\" viewBox=\"0 0 1000 1000\" xmlns=\"http:\/\/www.w3.org\/2000\/svg\"><path d=\"M646 125C629 125 613 133 604 142L308 442C296 454 292 471 292 487 292 504 296 521 308 533L604 854C617 867 629 875 646 875 663 875 679 871 692 858 704 846 713 829 713 812 713 796 708 779 692 767L438 487 692 225C700 217 708 204 708 187 708 171 704 154 692 142 675 129 663 125 646 125Z\"><\/path><\/svg>\t\t\t\t\t<\/div>\n\t\t\t\t\t<div class=\"elementor-swiper-button elementor-swiper-button-next\" role=\"button\" tabindex=\"0\">\n\t\t\t\t\t\t<svg aria-hidden=\"true\" class=\"e-font-icon-svg e-eicon-chevron-right\" viewBox=\"0 0 1000 1000\" xmlns=\"http:\/\/www.w3.org\/2000\/svg\"><path d=\"M696 533C708 521 713 504 713 487 713 471 708 454 696 446L400 146C388 133 375 125 354 125 338 125 325 129 313 142 300 154 292 171 292 187 292 204 296 221 308 233L563 492 304 771C292 783 288 800 288 817 288 833 296 850 308 863 321 871 338 875 354 875 371 875 388 867 400 854L696 533Z\"><\/path><\/svg>\t\t\t\t\t<\/div>\n\t\t\t\t\n\t\t\t\t\t\t\t\t\t<div class=\"swiper-pagination\"><\/div>\n\t\t\t\t\t\t\t\t\t<\/div>\n\t\t\t\t\t\t<\/div>\n\t\t\t\t<\/div>\n\t\t\t\t\t<\/div>\n\t\t\t\t<\/div>\n\t\t\t\t<\/div>\n\t\t","protected":false},"excerpt":{"rendered":"<p>Decouvrez nos \u00e9quipements Nous sommes fiers de proposer une vaste gamme de mat\u00e9riel de boulangerie et des m\u00e9tiers de la bouche de haute qualit\u00e9. Notre s\u00e9lection comprend tout ce dont vous avez besoin pour mener \u00e0 bien votre activit\u00e9, que vous soyez un artisan boulanger, un p\u00e2tissier, un restaurateur ou un professionnel des m\u00e9tiers de [&hellip;]<\/p>\n","protected":false},"author":1,"featured_media":0,"parent":0,"menu_order":2,"comment_status":"closed","ping_status":"closed","template":"","meta":{"site-sidebar-layout":"no-sidebar","site-content-layout":"page-builder","ast-site-content-layout":"","site-content-style":"default","site-sidebar-style":"default","ast-global-header-display":"","ast-banner-title-visibility":"","ast-main-header-display":"","ast-hfb-above-header-display":"","ast-hfb-below-header-display":"","ast-hfb-mobile-header-display":"","site-post-title":"disabled","ast-breadcrumbs-content":"","ast-featured-img":"disabled","footer-sml-layout":"","theme-transparent-header-meta":"","adv-header-id-meta":"","stick-header-meta":"","header-above-stick-meta":"","header-main-stick-meta":"","header-below-stick-meta":"","astra-migrate-meta-layouts":"default","ast-page-background-enabled":"default","ast-page-background-meta":{"desktop":{"background-color":"","background-image":"","background-repeat":"repeat","background-position":"center center","background-size":"auto","background-attachment":"scroll","background-type":"","background-media":"","overlay-type":"","overlay-color":"","overlay-opacity":"","overlay-gradient":""},"tablet":{"background-color":"","background-image":"","background-repeat":"repeat","background-position":"center center","background-size":"auto","background-attachment":"scroll","background-type":"","background-media":"","overlay-type":"","overlay-color":"","overlay-opacity":"","overlay-gradient":""},"mobile":{"background-color":"","background-image":"","background-repeat":"repeat","background-position":"center center","background-size":"auto","background-attachment":"scroll","background-type":"","background-media":"","overlay-type":"","overlay-color":"","overlay-opacity":"","overlay-gradient":""}},"ast-content-background-meta":{"desktop":{"background-color":"var(--ast-global-color-5)","background-image":"","background-repeat":"repeat","background-position":"center center","background-size":"auto","background-attachment":"scroll","background-type":"","background-media":"","overlay-type":"","overlay-color":"","overlay-opacity":"","overlay-gradient":""},"tablet":{"background-color":"var(--ast-global-color-5)","background-image":"","background-repeat":"repeat","background-position":"center center","background-size":"auto","background-attachment":"scroll","background-type":"","background-media":"","overlay-type":"","overlay-color":"","overlay-opacity":"","overlay-gradient":""},"mobile":{"background-color":"var(--ast-global-color-5)","background-image":"","background-repeat":"repeat","background-position":"center center","background-size":"auto","background-attachment":"scroll","background-type":"","background-media":"","overlay-type":"","overlay-color":"","overlay-opacity":"","overlay-gradient":""}},"_joinchat":[],"footnotes":""},"class_list":["post-709","page","type-page","status-publish","hentry"],"yoast_head":"<!-- This site is optimized with the Yoast SEO plugin v27.5 - https:\/\/yoast.com\/product\/yoast-seo-wordpress\/ -->\n<title>Produits - Bread-Tech<\/title>\n<meta name=\"robots\" content=\"index, follow, max-snippet:-1, max-image-preview:large, max-video-preview:-1\" \/>\n<link rel=\"canonical\" href=\"https:\/\/www.breadtech.ch\/?page_id=709\" \/>\n<meta property=\"og:locale\" content=\"fr_FR\" \/>\n<meta property=\"og:type\" content=\"article\" \/>\n<meta property=\"og:title\" content=\"Produits - Bread-Tech\" \/>\n<meta property=\"og:description\" content=\"Decouvrez nos \u00e9quipements Nous sommes fiers de proposer une vaste gamme de mat\u00e9riel de boulangerie et des m\u00e9tiers de la bouche de haute qualit\u00e9. Notre s\u00e9lection comprend tout ce dont vous avez besoin pour mener \u00e0 bien votre activit\u00e9, que vous soyez un artisan boulanger, un p\u00e2tissier, un restaurateur ou un professionnel des m\u00e9tiers de [&hellip;]\" \/>\n<meta property=\"og:url\" content=\"https:\/\/www.breadtech.ch\/?page_id=709\" \/>\n<meta property=\"og:site_name\" content=\"Bread-Tech\" \/>\n<meta property=\"article:modified_time\" content=\"2025-02-08T14:32:02+00:00\" \/>\n<meta property=\"og:image\" content=\"https:\/\/idesignyourlogo.com\/oct3\/wp-content\/uploads\/2023\/11\/pains2.jpg\" \/>\n<meta name=\"twitter:card\" content=\"summary_large_image\" \/>\n<meta name=\"twitter:label1\" content=\"Dur\u00e9e de lecture estim\u00e9e\" \/>\n\t<meta name=\"twitter:data1\" content=\"4 minutes\" \/>\n<script type=\"application\/ld+json\" class=\"yoast-schema-graph\">{\"@context\":\"https:\\\/\\\/schema.org\",\"@graph\":[{\"@type\":\"WebPage\",\"@id\":\"https:\\\/\\\/www.breadtech.ch\\\/?page_id=709\",\"url\":\"https:\\\/\\\/www.breadtech.ch\\\/?page_id=709\",\"name\":\"Produits - Bread-Tech\",\"isPartOf\":{\"@id\":\"https:\\\/\\\/www.breadtech.ch\\\/#website\"},\"primaryImageOfPage\":{\"@id\":\"https:\\\/\\\/www.breadtech.ch\\\/?page_id=709#primaryimage\"},\"image\":{\"@id\":\"https:\\\/\\\/www.breadtech.ch\\\/?page_id=709#primaryimage\"},\"thumbnailUrl\":\"https:\\\/\\\/idesignyourlogo.com\\\/oct3\\\/wp-content\\\/uploads\\\/2023\\\/11\\\/pains2.jpg\",\"datePublished\":\"2023-10-01T10:49:17+00:00\",\"dateModified\":\"2025-02-08T14:32:02+00:00\",\"breadcrumb\":{\"@id\":\"https:\\\/\\\/www.breadtech.ch\\\/?page_id=709#breadcrumb\"},\"inLanguage\":\"fr-FR\",\"potentialAction\":[{\"@type\":\"ReadAction\",\"target\":[\"https:\\\/\\\/www.breadtech.ch\\\/?page_id=709\"]}]},{\"@type\":\"ImageObject\",\"inLanguage\":\"fr-FR\",\"@id\":\"https:\\\/\\\/www.breadtech.ch\\\/?page_id=709#primaryimage\",\"url\":\"https:\\\/\\\/idesignyourlogo.com\\\/oct3\\\/wp-content\\\/uploads\\\/2023\\\/11\\\/pains2.jpg\",\"contentUrl\":\"https:\\\/\\\/idesignyourlogo.com\\\/oct3\\\/wp-content\\\/uploads\\\/2023\\\/11\\\/pains2.jpg\"},{\"@type\":\"BreadcrumbList\",\"@id\":\"https:\\\/\\\/www.breadtech.ch\\\/?page_id=709#breadcrumb\",\"itemListElement\":[{\"@type\":\"ListItem\",\"position\":1,\"name\":\"Home\",\"item\":\"https:\\\/\\\/www.breadtech.ch\\\/\"},{\"@type\":\"ListItem\",\"position\":2,\"name\":\"Produits\"}]},{\"@type\":\"WebSite\",\"@id\":\"https:\\\/\\\/www.breadtech.ch\\\/#website\",\"url\":\"https:\\\/\\\/www.breadtech.ch\\\/\",\"name\":\"Bread-Tech\",\"description\":\"Partenaire de votre laboratoire de Boulangerie - Patisserie\",\"publisher\":{\"@id\":\"https:\\\/\\\/www.breadtech.ch\\\/#organization\"},\"potentialAction\":[{\"@type\":\"SearchAction\",\"target\":{\"@type\":\"EntryPoint\",\"urlTemplate\":\"https:\\\/\\\/www.breadtech.ch\\\/?s={search_term_string}\"},\"query-input\":{\"@type\":\"PropertyValueSpecification\",\"valueRequired\":true,\"valueName\":\"search_term_string\"}}],\"inLanguage\":\"fr-FR\"},{\"@type\":\"Organization\",\"@id\":\"https:\\\/\\\/www.breadtech.ch\\\/#organization\",\"name\":\"Bread-Tech\",\"url\":\"https:\\\/\\\/www.breadtech.ch\\\/\",\"logo\":{\"@type\":\"ImageObject\",\"inLanguage\":\"fr-FR\",\"@id\":\"https:\\\/\\\/www.breadtech.ch\\\/#\\\/schema\\\/logo\\\/image\\\/\",\"url\":\"https:\\\/\\\/www.breadtech.ch\\\/wp-content\\\/uploads\\\/2023\\\/10\\\/breadtech_logo.png\",\"contentUrl\":\"https:\\\/\\\/www.breadtech.ch\\\/wp-content\\\/uploads\\\/2023\\\/10\\\/breadtech_logo.png\",\"width\":885,\"height\":198,\"caption\":\"Bread-Tech\"},\"image\":{\"@id\":\"https:\\\/\\\/www.breadtech.ch\\\/#\\\/schema\\\/logo\\\/image\\\/\"}}]}<\/script>\n<!-- \/ Yoast SEO plugin. -->","yoast_head_json":{"title":"Produits - Bread-Tech","robots":{"index":"index","follow":"follow","max-snippet":"max-snippet:-1","max-image-preview":"max-image-preview:large","max-video-preview":"max-video-preview:-1"},"canonical":"https:\/\/www.breadtech.ch\/?page_id=709","og_locale":"fr_FR","og_type":"article","og_title":"Produits - Bread-Tech","og_description":"Decouvrez nos \u00e9quipements Nous sommes fiers de proposer une vaste gamme de mat\u00e9riel de boulangerie et des m\u00e9tiers de la bouche de haute qualit\u00e9. Notre s\u00e9lection comprend tout ce dont vous avez besoin pour mener \u00e0 bien votre activit\u00e9, que vous soyez un artisan boulanger, un p\u00e2tissier, un restaurateur ou un professionnel des m\u00e9tiers de [&hellip;]","og_url":"https:\/\/www.breadtech.ch\/?page_id=709","og_site_name":"Bread-Tech","article_modified_time":"2025-02-08T14:32:02+00:00","og_image":[{"url":"https:\/\/idesignyourlogo.com\/oct3\/wp-content\/uploads\/2023\/11\/pains2.jpg","type":"","width":"","height":""}],"twitter_card":"summary_large_image","twitter_misc":{"Dur\u00e9e de lecture estim\u00e9e":"4 minutes"},"schema":{"@context":"https:\/\/schema.org","@graph":[{"@type":"WebPage","@id":"https:\/\/www.breadtech.ch\/?page_id=709","url":"https:\/\/www.breadtech.ch\/?page_id=709","name":"Produits - Bread-Tech","isPartOf":{"@id":"https:\/\/www.breadtech.ch\/#website"},"primaryImageOfPage":{"@id":"https:\/\/www.breadtech.ch\/?page_id=709#primaryimage"},"image":{"@id":"https:\/\/www.breadtech.ch\/?page_id=709#primaryimage"},"thumbnailUrl":"https:\/\/idesignyourlogo.com\/oct3\/wp-content\/uploads\/2023\/11\/pains2.jpg","datePublished":"2023-10-01T10:49:17+00:00","dateModified":"2025-02-08T14:32:02+00:00","breadcrumb":{"@id":"https:\/\/www.breadtech.ch\/?page_id=709#breadcrumb"},"inLanguage":"fr-FR","potentialAction":[{"@type":"ReadAction","target":["https:\/\/www.breadtech.ch\/?page_id=709"]}]},{"@type":"ImageObject","inLanguage":"fr-FR","@id":"https:\/\/www.breadtech.ch\/?page_id=709#primaryimage","url":"https:\/\/idesignyourlogo.com\/oct3\/wp-content\/uploads\/2023\/11\/pains2.jpg","contentUrl":"https:\/\/idesignyourlogo.com\/oct3\/wp-content\/uploads\/2023\/11\/pains2.jpg"},{"@type":"BreadcrumbList","@id":"https:\/\/www.breadtech.ch\/?page_id=709#breadcrumb","itemListElement":[{"@type":"ListItem","position":1,"name":"Home","item":"https:\/\/www.breadtech.ch\/"},{"@type":"ListItem","position":2,"name":"Produits"}]},{"@type":"WebSite","@id":"https:\/\/www.breadtech.ch\/#website","url":"https:\/\/www.breadtech.ch\/","name":"Bread-Tech","description":"Partenaire de votre laboratoire de Boulangerie - Patisserie","publisher":{"@id":"https:\/\/www.breadtech.ch\/#organization"},"potentialAction":[{"@type":"SearchAction","target":{"@type":"EntryPoint","urlTemplate":"https:\/\/www.breadtech.ch\/?s={search_term_string}"},"query-input":{"@type":"PropertyValueSpecification","valueRequired":true,"valueName":"search_term_string"}}],"inLanguage":"fr-FR"},{"@type":"Organization","@id":"https:\/\/www.breadtech.ch\/#organization","name":"Bread-Tech","url":"https:\/\/www.breadtech.ch\/","logo":{"@type":"ImageObject","inLanguage":"fr-FR","@id":"https:\/\/www.breadtech.ch\/#\/schema\/logo\/image\/","url":"https:\/\/www.breadtech.ch\/wp-content\/uploads\/2023\/10\/breadtech_logo.png","contentUrl":"https:\/\/www.breadtech.ch\/wp-content\/uploads\/2023\/10\/breadtech_logo.png","width":885,"height":198,"caption":"Bread-Tech"},"image":{"@id":"https:\/\/www.breadtech.ch\/#\/schema\/logo\/image\/"}}]}},"_links":{"self":[{"href":"https:\/\/www.breadtech.ch\/index.php?rest_route=\/wp\/v2\/pages\/709","targetHints":{"allow":["GET"]}}],"collection":[{"href":"https:\/\/www.breadtech.ch\/index.php?rest_route=\/wp\/v2\/pages"}],"about":[{"href":"https:\/\/www.breadtech.ch\/index.php?rest_route=\/wp\/v2\/types\/page"}],"author":[{"embeddable":true,"href":"https:\/\/www.breadtech.ch\/index.php?rest_route=\/wp\/v2\/users\/1"}],"replies":[{"embeddable":true,"href":"https:\/\/www.breadtech.ch\/index.php?rest_route=%2Fwp%2Fv2%2Fcomments&post=709"}],"version-history":[{"count":3,"href":"https:\/\/www.breadtech.ch\/index.php?rest_route=\/wp\/v2\/pages\/709\/revisions"}],"predecessor-version":[{"id":1346,"href":"https:\/\/www.breadtech.ch\/index.php?rest_route=\/wp\/v2\/pages\/709\/revisions\/1346"}],"wp:attachment":[{"href":"https:\/\/www.breadtech.ch\/index.php?rest_route=%2Fwp%2Fv2%2Fmedia&parent=709"}],"curies":[{"name":"wp","href":"https:\/\/api.w.org\/{rel}","templated":true}]}}